{"id":3,"date":"2025-12-15T15:30:43","date_gmt":"2025-12-15T15:30:43","guid":{"rendered":"https:\/\/usagesurbains.ch\/?page_id=3"},"modified":"2026-01-06T11:53:13","modified_gmt":"2026-01-06T11:53:13","slug":"privacy-policy","status":"publish","type":"page","link":"https:\/\/usagesurbains.ch\/index.php\/privacy-policy\/","title":{"rendered":"Politique de confidentialit\u00e9"},"content":{"rendered":"\t\t<div data-elementor-type=\"wp-page\" data-elementor-id=\"3\" class=\"elementor elementor-3\" data-elementor-post-type=\"page\">\n\t\t\t\t<div class=\"elementor-element elementor-element-809a7b4 e-flex e-con-boxed e-con e-parent\" data-id=\"809a7b4\" data-element_type=\"container\" data-e-type=\"container\">\n\t\t\t\t\t<div class=\"e-con-inner\">\n\t\t\t\t<div class=\"elementor-element elementor-element-11deab62 elementor-widget elementor-widget-text-editor\" data-id=\"11deab62\" data-element_type=\"widget\" data-e-type=\"widget\" data-widget_type=\"text-editor.default\">\n\t\t\t\t\t\t\t\t\t\n<h1 class=\"wp-block-heading\" data-start=\"1213\" data-end=\"1249\">Politique de confidentialit\u00e9<\/h1>\n<p data-start=\"1251\" data-end=\"1570\">La pr\u00e9sente politique de confidentialit\u00e9 a pour but d\u2019informer les utilisateurs du site <strong data-start=\"1339\" data-end=\"1357\">usagesurbains.ch<\/strong> des modalit\u00e9s de traitement de leurs donn\u00e9es personnelles, conform\u00e9ment \u00e0 la <strong data-start=\"1435\" data-end=\"1487\">Loi f\u00e9d\u00e9rale sur la protection des donn\u00e9es (LPD)<\/strong> et, le cas \u00e9ch\u00e9ant, au <strong data-start=\"1511\" data-end=\"1569\">R\u00e8glement G\u00e9n\u00e9ral sur la Protection des Donn\u00e9es (RGPD)<\/strong>.<\/p>\n<h3 data-start=\"1577\" data-end=\"1613\"><strong data-start=\"1581\" data-end=\"1613\">1. Responsable du traitement<\/strong><\/h3>\n<p data-start=\"1614\" data-end=\"1763\">Le site <strong data-start=\"1622\" data-end=\"1640\">usagesurbains.ch<\/strong> est \u00e9dit\u00e9 par :<br data-start=\"1656\" data-end=\"1659\" \/><strong data-start=\"1659\" data-end=\"1702\">Usages\u00a0 Urbains SA<\/strong><br data-start=\"1702\" data-end=\"1705\" \/>Rue Jean-Louis de Bons 11<strong data-start=\"1705\" data-end=\"1727\"><br \/><\/strong>1006 Lausanne<\/p>\n<h3 data-start=\"1770\" data-end=\"1812\"><strong data-start=\"1774\" data-end=\"1812\">2. Donn\u00e9es personnelles collect\u00e9es<\/strong><\/h3>\n<p data-start=\"1813\" data-end=\"1903\">Le site ne propose <strong data-start=\"1832\" data-end=\"1863\">aucun formulaire de contact<\/strong>, ni espace utilisateur, ni inscription.<\/p>\n<p data-start=\"1905\" data-end=\"1980\">Aucune donn\u00e9e personnelle n\u2019est collect\u00e9e volontairement par l\u2019utilisateur.<\/p>\n<p data-start=\"1982\" data-end=\"2096\">Toutefois, certaines donn\u00e9es techniques peuvent \u00eatre collect\u00e9es automatiquement lors de la navigation, notamment :<\/p>\n<ul data-start=\"2097\" data-end=\"2174\">\n<li data-start=\"2097\" data-end=\"2109\">\n<p data-start=\"2099\" data-end=\"2109\">adresse IP<\/p>\n<\/li>\n<li data-start=\"2110\" data-end=\"2130\">\n<p data-start=\"2112\" data-end=\"2130\">type de navigateur<\/p>\n<\/li>\n<li data-start=\"2131\" data-end=\"2155\">\n<p data-start=\"2133\" data-end=\"2155\">syst\u00e8me d\u2019exploitation<\/p>\n<\/li>\n<li data-start=\"2156\" data-end=\"2174\">\n<p data-start=\"2158\" data-end=\"2174\">pages consult\u00e9es<\/p>\n<\/li>\n<\/ul>\n<p data-start=\"2176\" data-end=\"2255\">Ces donn\u00e9es sont utilis\u00e9es exclusivement \u00e0 des fins techniques et statistiques.<\/p>\n<h3 data-start=\"2262\" data-end=\"2280\"><strong data-start=\"2266\" data-end=\"2280\">3. Cookies<\/strong><\/h3>\n<p data-start=\"2281\" data-end=\"2367\">Le site peut utiliser des <strong data-start=\"2307\" data-end=\"2329\">cookies techniques<\/strong> n\u00e9cessaires \u00e0 son bon fonctionnement.<\/p>\n<p data-start=\"2369\" data-end=\"2573\">Si des outils de mesure d\u2019audience ou des contenus externes sont utilis\u00e9s (ex. statistiques, vid\u00e9os int\u00e9gr\u00e9es), ceux-ci peuvent d\u00e9poser des cookies conform\u00e9ment \u00e0 leur propre politique de confidentialit\u00e9.<\/p>\n<p data-start=\"2575\" data-end=\"2645\">L\u2019utilisateur peut configurer son navigateur pour refuser les cookies.<\/p>\n<h3 data-start=\"2652\" data-end=\"2687\"><strong data-start=\"2656\" data-end=\"2687\">4. Services et outils tiers<\/strong><\/h3>\n<p data-start=\"2688\" data-end=\"2745\">Le site peut faire appel \u00e0 des services tiers, tels que :<\/p>\n<ul data-start=\"2746\" data-end=\"2839\">\n<li data-start=\"2746\" data-end=\"2763\">\n<p data-start=\"2748\" data-end=\"2763\">h\u00e9bergement web<\/p>\n<\/li>\n<li data-start=\"2764\" data-end=\"2788\">\n<p data-start=\"2766\" data-end=\"2788\">outils de statistiques<\/p>\n<\/li>\n<li data-start=\"2789\" data-end=\"2839\">\n<p data-start=\"2791\" data-end=\"2839\">contenus int\u00e9gr\u00e9s (ex. vid\u00e9os, polices externes)<\/p>\n<\/li>\n<\/ul>\n<p data-start=\"2841\" data-end=\"2959\">Ces services sont susceptibles de collecter certaines donn\u00e9es conform\u00e9ment \u00e0 leur propre politique de confidentialit\u00e9.<\/p>\n<h3 data-start=\"2966\" data-end=\"2998\"><strong data-start=\"2970\" data-end=\"2998\">5. Dur\u00e9e de conservation<\/strong><\/h3>\n<p data-start=\"2999\" data-end=\"3101\">Les donn\u00e9es techniques sont conserv\u00e9es pour une dur\u00e9e limit\u00e9e, strictement n\u00e9cessaire \u00e0 leur finalit\u00e9.<\/p>\n<h3 data-start=\"3108\" data-end=\"3142\"><strong data-start=\"3112\" data-end=\"3142\">6. Droits des utilisateurs<\/strong><\/h3>\n<p data-start=\"3143\" data-end=\"3242\">Conform\u00e9ment \u00e0 la LPD et, le cas \u00e9ch\u00e9ant, au RGPD, les utilisateurs disposent des droits suivants :<\/p>\n<ul data-start=\"3243\" data-end=\"3341\">\n<li data-start=\"3243\" data-end=\"3258\">\n<p data-start=\"3245\" data-end=\"3258\">droit d\u2019acc\u00e8s<\/p>\n<\/li>\n<li data-start=\"3259\" data-end=\"3283\">\n<p data-start=\"3261\" data-end=\"3283\">droit de rectification<\/p>\n<\/li>\n<li data-start=\"3284\" data-end=\"3306\">\n<p data-start=\"3286\" data-end=\"3306\">droit \u00e0 l\u2019effacement<\/p>\n<\/li>\n<li data-start=\"3307\" data-end=\"3341\">\n<p data-start=\"3309\" data-end=\"3341\">droit d\u2019opposition au traitement<\/p>\n<\/li>\n<\/ul>\n<p data-start=\"3343\" data-end=\"3407\">Toute demande peut \u00eatre adress\u00e9e \u00e0 :<br data-start=\"3379\" data-end=\"3382\" \/>mariepaule@usagesurbains.ch ou \u00e0 francois.yenny@usagesurbains.ch.<\/p>\n<h3 data-start=\"3414\" data-end=\"3433\"><strong data-start=\"3418\" data-end=\"3433\">7. S\u00e9curit\u00e9<\/strong><\/h3>\n<p data-start=\"3434\" data-end=\"3622\">Le responsable du site met en \u0153uvre des mesures techniques et organisationnelles appropri\u00e9es afin de prot\u00e9ger les donn\u00e9es personnelles contre tout acc\u00e8s non autoris\u00e9, perte ou divulgation.<\/p>\n<h3 data-start=\"3629\" data-end=\"3652\"><strong data-start=\"3633\" data-end=\"3652\">8. Modification<\/strong><\/h3>\n<p data-start=\"3653\" data-end=\"3779\">La pr\u00e9sente politique de confidentialit\u00e9 peut \u00eatre modifi\u00e9e \u00e0 tout moment afin de rester conforme \u00e0 la l\u00e9gislation en vigueur.<\/p>\n\n<p>\u00a0<\/p>\t\t\t\t\t\t\t\t<\/div>\n\t\t\t\t\t<\/div>\n\t\t\t\t<\/div>\n\t\t\t\t<\/div>\n\t\t","protected":false},"excerpt":{"rendered":"<p>La pr\u00e9sente politique de confidentialit\u00e9 a pour but d\u2019informer les utilisateurs du site usagesurbains.ch des modalit\u00e9s de traitement de leurs donn\u00e9es personnelles<\/p>\n","protected":false},"author":1,"featured_media":0,"parent":0,"menu_order":0,"comment_status":"closed","ping_status":"open","template":"","meta":{"footnotes":""},"class_list":["post-3","page","type-page","status-publish","hentry"],"_links":{"self":[{"href":"https:\/\/usagesurbains.ch\/index.php\/wp-json\/wp\/v2\/pages\/3","targetHints":{"allow":["GET"]}}],"collection":[{"href":"https:\/\/usagesurbains.ch\/index.php\/wp-json\/wp\/v2\/pages"}],"about":[{"href":"https:\/\/usagesurbains.ch\/index.php\/wp-json\/wp\/v2\/types\/page"}],"author":[{"embeddable":true,"href":"https:\/\/usagesurbains.ch\/index.php\/wp-json\/wp\/v2\/users\/1"}],"replies":[{"embeddable":true,"href":"https:\/\/usagesurbains.ch\/index.php\/wp-json\/wp\/v2\/comments?post=3"}],"version-history":[{"count":6,"href":"https:\/\/usagesurbains.ch\/index.php\/wp-json\/wp\/v2\/pages\/3\/revisions"}],"predecessor-version":[{"id":1013,"href":"https:\/\/usagesurbains.ch\/index.php\/wp-json\/wp\/v2\/pages\/3\/revisions\/1013"}],"wp:attachment":[{"href":"https:\/\/usagesurbains.ch\/index.php\/wp-json\/wp\/v2\/media?parent=3"}],"curies":[{"name":"wp","href":"https:\/\/api.w.org\/{rel}","templated":true}]}}